{"id":171,"date":"2018-09-07T12:05:46","date_gmt":"2018-09-07T15:05:46","guid":{"rendered":"https:\/\/cxcl.cl\/?page_id=171"},"modified":"2018-09-07T18:31:47","modified_gmt":"2018-09-07T21:31:47","slug":"nuestro-club","status":"publish","type":"page","link":"https:\/\/cxcl.cl\/index.php\/nuestro-club\/","title":{"rendered":"Nuestro Club"},"content":{"rendered":"<p>El Club Ciclocross Chile (CXCL) nace a fines del a\u00f1o 2016, siendo el \u00fanico club a nivel nacional y sudamericano dedicado exclusivamente al Ciclocross. La pasi\u00f3n por esta especialidad del ciclismo es un factor com\u00fan entre sus fundadores. Somos un club Social y deportivo, por el entendemos el deporte como un medio para el desarrollo de los individuos y la inclusi\u00f3n social.<\/p>\n<p><strong>Somos un club deportivo&#8230;<\/strong><\/p>\n<p>Por el lado deportivo y competitivo, nuestras actividades se han enfocado en abrir espacios para la pr\u00e1ctica del Ciclocross. Nos reunimos para instaurarlo como una disciplina aut\u00f3noma, la que desde el a\u00f1o 2017 ha logrado organizar \u201cLa Liga de Ciclocross de Santiago de Chile\u201d, un campeonato que se lleva a cabo dentro de los parques de la ciudad. Ocupamos parques p\u00fablicos de f\u00e1cil acceso para los participantes y el p\u00fablico, creamos categor\u00edas que van desde los ni\u00f1os hasta los elite, cerrando cada fecha con una categor\u00eda abierta a todos, m\u00e1s l\u00fadica y familiar donde invitamos a correr disfrazados con el \u00fanico objetivo de pasarlo bien. Adicionalmente a trav\u00e9s de nuestras actividades buscamos enlazar el mundo del ciclismo deportivo y con el ciclismo urbano.<\/p>\n<p><strong>&#8230; y Social.<\/strong><\/p>\n<p>Por el lado social, estamos apuntando a crear una narrativa local que una y visibilice las comunidades y el territorio, para mostrar los valores intangibles m\u00e1s all\u00e1 del econ\u00f3mico que el deporte y la actividad deportiva y l\u00fadica potencian.<\/p>\n<p>Buscamos crear instancias que unan y conecten a las comunidades con el territorio, donde se potencie la relaci\u00f3n de la comunidad con los lugares y que no solo sea una instancia deportiva aislada sino que tambi\u00e9n se visibilice su potencial recreativo. Para las competencias hemos decidido utilizar lugares que est\u00e1n fuera de los circuitos tradicionales del mundo deportivo para buscar incentivar la activaci\u00f3n y apropiaci\u00f3n de espacios p\u00fablicos como parques urbanos o laderas de cerros. Para este 2018 tenemos como objetivo dejar que nuestra intervenci\u00f3n sea aislada en esos lugares de competencia y que la comunidad aleda\u00f1a vea nuevas formas de usar y relacionarse con esos espacios.<\/p>\n","protected":false},"excerpt":{"rendered":"<p>El Club Ciclocross Chile (CXCL) nace a fines del a\u00f1o 2016, siendo el \u00fanico club a nivel nacional y sudamericano dedicado exclusivamente al Ciclocross. La pasi\u00f3n por esta especialidad del ciclismo es un factor com\u00fan entre sus fundadores. Somos un club Social y deportivo, por el entendemos el deporte como un medio para el desarrollo &hellip; <\/p>\n<p class=\"link-more\"><a href=\"https:\/\/cxcl.cl\/index.php\/nuestro-club\/\" class=\"more-link\">Continua leyendo<span class=\"screen-reader-text\"> &#8220;Nuestro Club&#8221;<\/span><\/a><\/p>\n","protected":false},"author":1,"featured_media":40,"parent":0,"menu_order":0,"comment_status":"closed","ping_status":"closed","template":"","meta":[],"_links":{"self":[{"href":"https:\/\/cxcl.cl\/index.php\/wp-json\/wp\/v2\/pages\/171"}],"collection":[{"href":"https:\/\/cxcl.cl\/index.php\/wp-json\/wp\/v2\/pages"}],"about":[{"href":"https:\/\/cxcl.cl\/index.php\/wp-json\/wp\/v2\/types\/page"}],"author":[{"embeddable":true,"href":"https:\/\/cxcl.cl\/index.php\/wp-json\/wp\/v2\/users\/1"}],"replies":[{"embeddable":true,"href":"https:\/\/cxcl.cl\/index.php\/wp-json\/wp\/v2\/comments?post=171"}],"version-history":[{"count":5,"href":"https:\/\/cxcl.cl\/index.php\/wp-json\/wp\/v2\/pages\/171\/revisions"}],"predecessor-version":[{"id":178,"href":"https:\/\/cxcl.cl\/index.php\/wp-json\/wp\/v2\/pages\/171\/revisions\/178"}],"wp:featuredmedia":[{"embeddable":true,"href":"https:\/\/cxcl.cl\/index.php\/wp-json\/wp\/v2\/media\/40"}],"wp:attachment":[{"href":"https:\/\/cxcl.cl\/index.php\/wp-json\/wp\/v2\/media?parent=171"}],"curies":[{"name":"wp","href":"https:\/\/api.w.org\/{rel}","templated":true}]}}